{"id":3244,"date":"2025-03-04T07:02:56","date_gmt":"2025-03-04T08:02:56","guid":{"rendered":"https:\/\/taamin.co\/product\/ilac-ve-gida-sinifi-jelatin\/"},"modified":"2025-06-05T17:34:17","modified_gmt":"2025-06-05T17:34:17","slug":"ilac-ve-gida-sinifi-jelatin","status":"publish","type":"product","link":"https:\/\/taamin.co\/tr\/product\/ilac-ve-gida-sinifi-jelatin\/","title":{"rendered":"\u0130la\u00e7 ve g\u0131da s\u0131n\u0131f\u0131 jelatin"},"content":{"rendered":"<p>Helal jelatin tozu (g\u0131da ve ila\u00e7)<\/p>\n","protected":false},"excerpt":{"rendered":"<p>Helal jelatin tozu (g\u0131da ve ila\u00e7)<\/p>\n","protected":false},"featured_media":2870,"comment_status":"open","ping_status":"closed","template":"","meta":[],"product_brand":[],"product_cat":[144],"product_tag":[145],"class_list":{"0":"post-3244","1":"product","2":"type-product","3":"status-publish","4":"has-post-thumbnail","6":"product_cat-ilac-ve-gida-sinifi-jelatin","7":"product_tag-ilac-ve-gida-sinifi-jelatin","9":"first","10":"instock","11":"shipping-taxable","12":"product-type-simple"},"_links":{"self":[{"href":"https:\/\/taamin.co\/tr\/wp-json\/wp\/v2\/product\/3244","targetHints":{"allow":["GET"]}}],"collection":[{"href":"https:\/\/taamin.co\/tr\/wp-json\/wp\/v2\/product"}],"about":[{"href":"https:\/\/taamin.co\/tr\/wp-json\/wp\/v2\/types\/product"}],"replies":[{"embeddable":true,"href":"https:\/\/taamin.co\/tr\/wp-json\/wp\/v2\/comments?post=3244"}],"wp:featuredmedia":[{"embeddable":true,"href":"https:\/\/taamin.co\/tr\/wp-json\/wp\/v2\/media\/2870"}],"wp:attachment":[{"href":"https:\/\/taamin.co\/tr\/wp-json\/wp\/v2\/media?parent=3244"}],"wp:term":[{"taxonomy":"product_brand","embeddable":true,"href":"https:\/\/taamin.co\/tr\/wp-json\/wp\/v2\/product_brand?post=3244"},{"taxonomy":"product_cat","embeddable":true,"href":"https:\/\/taamin.co\/tr\/wp-json\/wp\/v2\/product_cat?post=3244"},{"taxonomy":"product_tag","embeddable":true,"href":"https:\/\/taamin.co\/tr\/wp-json\/wp\/v2\/product_tag?post=3244"}],"curies":[{"name":"wp","href":"https:\/\/api.w.org\/{rel}","templated":true}]}}