{"id":3242,"date":"2025-02-17T12:15:00","date_gmt":"2025-02-17T13:15:00","guid":{"rendered":"https:\/\/taamin.co\/product\/yesil-kahve-cekirdekleri\/"},"modified":"2025-06-05T17:45:07","modified_gmt":"2025-06-05T17:45:07","slug":"yesil-kahve-cekirdekleri","status":"publish","type":"product","link":"https:\/\/taamin.co\/tr\/product\/yesil-kahve-cekirdekleri\/","title":{"rendered":"Ye\u015fil kahve \u00e7ekirdekleri"},"content":{"rendered":"","protected":false},"excerpt":{"rendered":"<p>Fodo ye\u015fil kahve \u00e7ekirdekleri d\u00fcnyan\u0131n en iyi \u00e7iftliklerinden \u00f6zenle se\u00e7ilir ve tamamen kontroll\u00fc bir s\u00fcre\u00e7te kavrulmadan yurti\u00e7i ve yurtd\u0131\u015f\u0131 t\u00fcketicilere ula\u015ft\u0131r\u0131l\u0131r, b\u00f6ylece ki\u015fisel zevke ve ihtiya\u00e7lara uygun \u00f6zelle\u015ftirilmi\u015f bir kavurma sa\u011flan\u0131r. Sadece profesyonel kahve i\u00e7imi i\u00e7in m\u00fckemmel bir temel olmakla kalmaz, ayn\u0131 zamanda aktif bile\u015fenleri nedeniyle geleneksel t\u0131pta da dikkate al\u0131nm\u0131\u015ft\u0131r.<\/p>\n","protected":false},"featured_media":2868,"comment_status":"open","ping_status":"closed","template":"","meta":[],"product_brand":[39],"product_cat":[148],"product_tag":[149],"class_list":{"0":"post-3242","1":"product","2":"type-product","3":"status-publish","4":"has-post-thumbnail","6":"product_brand-fudo","7":"product_cat-yesil-kahve-cekirdekleri","8":"product_tag-yesil-kahve-cekirdekleri","10":"first","11":"instock","12":"shipping-taxable","13":"product-type-simple"},"_links":{"self":[{"href":"https:\/\/taamin.co\/tr\/wp-json\/wp\/v2\/product\/3242","targetHints":{"allow":["GET"]}}],"collection":[{"href":"https:\/\/taamin.co\/tr\/wp-json\/wp\/v2\/product"}],"about":[{"href":"https:\/\/taamin.co\/tr\/wp-json\/wp\/v2\/types\/product"}],"replies":[{"embeddable":true,"href":"https:\/\/taamin.co\/tr\/wp-json\/wp\/v2\/comments?post=3242"}],"wp:featuredmedia":[{"embeddable":true,"href":"https:\/\/taamin.co\/tr\/wp-json\/wp\/v2\/media\/2868"}],"wp:attachment":[{"href":"https:\/\/taamin.co\/tr\/wp-json\/wp\/v2\/media?parent=3242"}],"wp:term":[{"taxonomy":"product_brand","embeddable":true,"href":"https:\/\/taamin.co\/tr\/wp-json\/wp\/v2\/product_brand?post=3242"},{"taxonomy":"product_cat","embeddable":true,"href":"https:\/\/taamin.co\/tr\/wp-json\/wp\/v2\/product_cat?post=3242"},{"taxonomy":"product_tag","embeddable":true,"href":"https:\/\/taamin.co\/tr\/wp-json\/wp\/v2\/product_tag?post=3242"}],"curies":[{"name":"wp","href":"https:\/\/api.w.org\/{rel}","templated":true}]}}