{"id":3238,"date":"2025-03-04T07:04:46","date_gmt":"2025-03-04T08:04:46","guid":{"rendered":"https:\/\/taamin.co\/product\/endustriyel-peynir-alti-suyu-tozu-ve-kurutulmus-sut\/"},"modified":"2025-06-08T21:32:57","modified_gmt":"2025-06-08T21:32:57","slug":"endustriyel-peynir-alti-suyu-tozu-ve-kurutulmus-sut","status":"publish","type":"product","link":"https:\/\/taamin.co\/tr\/product\/endustriyel-peynir-alti-suyu-tozu-ve-kurutulmus-sut\/","title":{"rendered":"End\u00fcstriyel peynir alt\u0131 suyu tozu ve kurutulmu\u015f s\u00fct"},"content":{"rendered":"","protected":false},"excerpt":{"rendered":"","protected":false},"featured_media":2686,"comment_status":"open","ping_status":"closed","template":"","meta":[],"product_brand":[],"product_cat":[142,162],"product_tag":[143],"class_list":{"0":"post-3238","1":"product","2":"type-product","3":"status-publish","4":"has-post-thumbnail","6":"product_cat-endustriyel-peynir-alti-suyu-tozu-ve-kurutulmus-sut","7":"product_cat-offer","8":"product_tag-endustriyel-peynir-alti-suyu-tozu-ve-kurutulmus-sut","10":"first","11":"instock","12":"shipping-taxable","13":"product-type-simple"},"_links":{"self":[{"href":"https:\/\/taamin.co\/tr\/wp-json\/wp\/v2\/product\/3238","targetHints":{"allow":["GET"]}}],"collection":[{"href":"https:\/\/taamin.co\/tr\/wp-json\/wp\/v2\/product"}],"about":[{"href":"https:\/\/taamin.co\/tr\/wp-json\/wp\/v2\/types\/product"}],"replies":[{"embeddable":true,"href":"https:\/\/taamin.co\/tr\/wp-json\/wp\/v2\/comments?post=3238"}],"wp:featuredmedia":[{"embeddable":true,"href":"https:\/\/taamin.co\/tr\/wp-json\/wp\/v2\/media\/2686"}],"wp:attachment":[{"href":"https:\/\/taamin.co\/tr\/wp-json\/wp\/v2\/media?parent=3238"}],"wp:term":[{"taxonomy":"product_brand","embeddable":true,"href":"https:\/\/taamin.co\/tr\/wp-json\/wp\/v2\/product_brand?post=3238"},{"taxonomy":"product_cat","embeddable":true,"href":"https:\/\/taamin.co\/tr\/wp-json\/wp\/v2\/product_cat?post=3238"},{"taxonomy":"product_tag","embeddable":true,"href":"https:\/\/taamin.co\/tr\/wp-json\/wp\/v2\/product_tag?post=3238"}],"curies":[{"name":"wp","href":"https:\/\/api.w.org\/{rel}","templated":true}]}}