{"id":3237,"date":"2025-03-04T07:05:43","date_gmt":"2025-03-04T08:05:43","guid":{"rendered":"https:\/\/taamin.co\/product\/ilac-ve-gida-sinifi-ucucu-yag\/"},"modified":"2025-06-08T19:00:18","modified_gmt":"2025-06-08T19:00:18","slug":"ilac-ve-gida-sinifi-ucucu-yag","status":"publish","type":"product","link":"https:\/\/taamin.co\/tr\/product\/ilac-ve-gida-sinifi-ucucu-yag\/","title":{"rendered":"\u0130la\u00e7 ve g\u0131da s\u0131n\u0131f\u0131 u\u00e7ucu ya\u011f"},"content":{"rendered":"","protected":false},"excerpt":{"rendered":"<p>Hollandal\u0131 \u015firket Formatec&#8217;in farmas\u00f6tik ve g\u0131da s\u0131n\u0131f\u0131 esansiyel ya\u011flar\u0131, farmas\u00f6tik, g\u0131da, kozmetik ve sa\u011fl\u0131k end\u00fcstrilerinde kullan\u0131lmak \u00fczere saf hammaddeler ve hassas form\u00fclasyonlar kullan\u0131larak \u00fcretilir. Bu esansiyel ya\u011flar uluslararas\u0131 kalite ve g\u00fcvenlik standartlar\u0131n\u0131 kar\u015f\u0131lar ve lezzet, aroma ve i\u015flevsel \u00f6zelliklerini koruyarak nihai \u00fcr\u00fcnlerin kalitesini iyile\u015ftirmede \u00f6nemli bir rol oynar.<\/p>\n","protected":false},"featured_media":3396,"comment_status":"open","ping_status":"closed","template":"","meta":[],"product_brand":[],"product_cat":[141],"product_tag":[73,140],"class_list":{"0":"post-3237","1":"product","2":"type-product","3":"status-publish","4":"has-post-thumbnail","6":"product_cat-ilac-ve-gida-sinifi-ucucu-yag","7":"product_tag-essential-oil","8":"product_tag-ilac-ve-gida-sinifi-ucucu-yag","10":"first","11":"instock","12":"shipping-taxable","13":"product-type-simple"},"_links":{"self":[{"href":"https:\/\/taamin.co\/tr\/wp-json\/wp\/v2\/product\/3237","targetHints":{"allow":["GET"]}}],"collection":[{"href":"https:\/\/taamin.co\/tr\/wp-json\/wp\/v2\/product"}],"about":[{"href":"https:\/\/taamin.co\/tr\/wp-json\/wp\/v2\/types\/product"}],"replies":[{"embeddable":true,"href":"https:\/\/taamin.co\/tr\/wp-json\/wp\/v2\/comments?post=3237"}],"wp:featuredmedia":[{"embeddable":true,"href":"https:\/\/taamin.co\/tr\/wp-json\/wp\/v2\/media\/3396"}],"wp:attachment":[{"href":"https:\/\/taamin.co\/tr\/wp-json\/wp\/v2\/media?parent=3237"}],"wp:term":[{"taxonomy":"product_brand","embeddable":true,"href":"https:\/\/taamin.co\/tr\/wp-json\/wp\/v2\/product_brand?post=3237"},{"taxonomy":"product_cat","embeddable":true,"href":"https:\/\/taamin.co\/tr\/wp-json\/wp\/v2\/product_cat?post=3237"},{"taxonomy":"product_tag","embeddable":true,"href":"https:\/\/taamin.co\/tr\/wp-json\/wp\/v2\/product_tag?post=3237"}],"curies":[{"name":"wp","href":"https:\/\/api.w.org\/{rel}","templated":true}]}}