{"id":3232,"date":"2025-05-01T06:47:26","date_gmt":"2025-05-01T06:47:26","guid":{"rendered":"https:\/\/taamin.co\/product\/stevia-bitki-sekeri\/"},"modified":"2025-06-05T17:20:15","modified_gmt":"2025-06-05T17:20:15","slug":"stevia-bitki-sekeri","status":"publish","type":"product","link":"https:\/\/taamin.co\/tr\/product\/stevia-bitki-sekeri\/","title":{"rendered":"Stevia bitki \u015fekeri"},"content":{"rendered":"<h3>Stevia \u015eekerinin \u00d6ne \u00c7\u0131kan \u00d6zellikleri:<\/h3>\n<div>\u2022\u015eekerden 50 ila 300 kat daha tatl\u0131d\u0131r<\/div>\n<div>\u2022 Kalorisiz ve kilo kontrol\u00fcne uygundur<\/div>\n<div>\u2022Kan \u015fekeri \u00fczerinde etkisi yoktur; diyabet hastalar\u0131 i\u00e7in uygundur<\/div>\n<div>\u2022Is\u0131ya dayan\u0131kl\u0131; pi\u015firme ve end\u00fcstriyel \u00fcretimde kullan\u0131labilir<\/div>\n<div>\u2022Kimyasal katk\u0131 maddesi yok<\/div>\n<div><\/div>\n<div>Stevia \u015fekerini, orijinalli\u011fi ve kalitesi garantili olarak sizlere sunarak, daha sa\u011fl\u0131kl\u0131 ve ak\u0131ll\u0131 \u00fcr\u00fcnler geli\u015ftirmenizde yan\u0131n\u0131zday\u0131z.<\/div>\n","protected":false},"excerpt":{"rendered":"<h5>(25 kg torba)<\/h5>\n<div>Stevia bitki \u015fekerinin ilk ve en itibarl\u0131 ithalat\u00e7\u0131s\u0131 olan firmam\u0131z, diyabet hastalar\u0131 ve sa\u011fl\u0131kl\u0131 ya\u015fam tutkunlar\u0131na uygun, tamamen do\u011fal, kalorisiz bir \u00fcr\u00fcn\u00fc \u0130ran pazar\u0131na sunmaktad\u0131r.<\/div>\n<div>Stevia, Stevia rebaudiana bitkisinin yapraklar\u0131ndan elde edilir ve kan \u015fekerinde dalgalanmalara neden olmadan do\u011fal tatl\u0131l\u0131\u011f\u0131 nedeniyle normal \u015fekerlere m\u00fckemmel bir alternatiftir. Bu \u00fcr\u00fcn en y\u00fcksek uluslararas\u0131 standartlara uygun olarak \u00fcretilir ve rafine edilir ve g\u0131da, ila\u00e7 ve \u015fekerleme end\u00fcstrilerinde kullan\u0131ma uygundur.<\/div>\n","protected":false},"featured_media":2862,"comment_status":"open","ping_status":"closed","template":"","meta":[],"product_brand":[],"product_cat":[132],"product_tag":[133],"class_list":{"0":"post-3232","1":"product","2":"type-product","3":"status-publish","4":"has-post-thumbnail","6":"product_cat-stevia-bitki-sekeri","7":"product_tag-stevia-bitki-sekeri","9":"first","10":"instock","11":"shipping-taxable","12":"product-type-simple"},"_links":{"self":[{"href":"https:\/\/taamin.co\/tr\/wp-json\/wp\/v2\/product\/3232","targetHints":{"allow":["GET"]}}],"collection":[{"href":"https:\/\/taamin.co\/tr\/wp-json\/wp\/v2\/product"}],"about":[{"href":"https:\/\/taamin.co\/tr\/wp-json\/wp\/v2\/types\/product"}],"replies":[{"embeddable":true,"href":"https:\/\/taamin.co\/tr\/wp-json\/wp\/v2\/comments?post=3232"}],"wp:featuredmedia":[{"embeddable":true,"href":"https:\/\/taamin.co\/tr\/wp-json\/wp\/v2\/media\/2862"}],"wp:attachment":[{"href":"https:\/\/taamin.co\/tr\/wp-json\/wp\/v2\/media?parent=3232"}],"wp:term":[{"taxonomy":"product_brand","embeddable":true,"href":"https:\/\/taamin.co\/tr\/wp-json\/wp\/v2\/product_brand?post=3232"},{"taxonomy":"product_cat","embeddable":true,"href":"https:\/\/taamin.co\/tr\/wp-json\/wp\/v2\/product_cat?post=3232"},{"taxonomy":"product_tag","embeddable":true,"href":"https:\/\/taamin.co\/tr\/wp-json\/wp\/v2\/product_tag?post=3232"}],"curies":[{"name":"wp","href":"https:\/\/api.w.org\/{rel}","templated":true}]}}