{"id":3231,"date":"2025-05-01T06:54:13","date_gmt":"2025-05-01T06:54:13","guid":{"rendered":"https:\/\/taamin.co\/product\/sitrik-asit\/"},"modified":"2025-06-08T21:26:35","modified_gmt":"2025-06-08T21:26:35","slug":"sitrik-asit","status":"publish","type":"product","link":"https:\/\/taamin.co\/tr\/product\/sitrik-asit\/","title":{"rendered":"Sitrik asit"},"content":{"rendered":"<h3>Sitrik asidin \u00fcst\u00fcn \u00f6zellikleri:<\/h3>\n<div>\u2022Do\u011fal aroma verici: \u00c7e\u015fitli g\u0131da \u00fcr\u00fcnleri ve i\u00e7eceklerde lezzeti ayarlamak ve ek\u015fi bir tat yaratmak i\u00e7in hafif bir asit olarak kullan\u0131l\u0131r.<\/div>\n<div>\u2022Koruyucu ve dezenfektan: G\u0131da ve ila\u00e7 sanayinde \u00fcr\u00fcnlerin tazeli\u011fini korumada ve bozulmas\u0131n\u0131 \u00f6nlemede etkili bir madde olarak kullan\u0131l\u0131r.<\/div>\n<div>\u2022 pH ayarlama: Kozmetik \u00fcretiminde \u00fcr\u00fcnlerin pH seviyesini ayarlamak i\u00e7in kullan\u0131l\u0131r.<\/div>\n<div>\u2022Do\u011fal kaynak: Narenciye meyveleri gibi do\u011fal kaynaklardan, en y\u00fcksek hijyen standartlar\u0131yla elde edilmi\u015ftir.<\/div>\n<div><\/div>\n<div>Firmam\u0131z sitrik asitin sayg\u0131n bir ithalat\u00e7\u0131s\u0131 olarak bu \u00fcr\u00fcn\u00fc en iyi kalite ve rekabet\u00e7i fiyatlarla pazara sunmaktad\u0131r.<\/div>\n<div><\/div>\n<div>Sitrik asit tedari\u011finde i\u015f orta\u011f\u0131n\u0131z olarak, g\u00fcn\u00fcm\u00fcz\u00fcn rekabet\u00e7i pazar\u0131nda \u00fcr\u00fcnlerinizin kalitesini art\u0131rmak ve m\u00fc\u015fterilerinize en iyiyi sunmak i\u00e7in yan\u0131n\u0131zda olaca\u011f\u0131z.<\/div>\n","protected":false},"excerpt":{"rendered":"<h5>25 kg torba<\/h5>\n<div>Sitrik asit, \u00e7e\u015fitli form\u00fclasyonlarda do\u011fal koruyucu ve tatland\u0131r\u0131c\u0131 olarak kullan\u0131lan, g\u0131da, ila\u00e7, kozmetik ve sa\u011fl\u0131k end\u00fcstrilerindeki en \u00f6nemli hammaddelerden biridir. Narenciye meyvelerinde do\u011fal olarak bulunan bu madde, benzersiz \u00f6zellikleri nedeniyle k\u00fcresel pazarlarda \u00f6zel bir yere sahiptir.<\/div>\n<div><\/div>\n","protected":false},"featured_media":2864,"comment_status":"open","ping_status":"closed","template":"","meta":[],"product_brand":[],"product_cat":[162,130],"product_tag":[131],"class_list":{"0":"post-3231","1":"product","2":"type-product","3":"status-publish","4":"has-post-thumbnail","6":"product_cat-offer","7":"product_cat-sitrik-asit","8":"product_tag-sitrik-asit","10":"first","11":"instock","12":"shipping-taxable","13":"product-type-simple"},"_links":{"self":[{"href":"https:\/\/taamin.co\/tr\/wp-json\/wp\/v2\/product\/3231","targetHints":{"allow":["GET"]}}],"collection":[{"href":"https:\/\/taamin.co\/tr\/wp-json\/wp\/v2\/product"}],"about":[{"href":"https:\/\/taamin.co\/tr\/wp-json\/wp\/v2\/types\/product"}],"replies":[{"embeddable":true,"href":"https:\/\/taamin.co\/tr\/wp-json\/wp\/v2\/comments?post=3231"}],"wp:featuredmedia":[{"embeddable":true,"href":"https:\/\/taamin.co\/tr\/wp-json\/wp\/v2\/media\/2864"}],"wp:attachment":[{"href":"https:\/\/taamin.co\/tr\/wp-json\/wp\/v2\/media?parent=3231"}],"wp:term":[{"taxonomy":"product_brand","embeddable":true,"href":"https:\/\/taamin.co\/tr\/wp-json\/wp\/v2\/product_brand?post=3231"},{"taxonomy":"product_cat","embeddable":true,"href":"https:\/\/taamin.co\/tr\/wp-json\/wp\/v2\/product_cat?post=3231"},{"taxonomy":"product_tag","embeddable":true,"href":"https:\/\/taamin.co\/tr\/wp-json\/wp\/v2\/product_tag?post=3231"}],"curies":[{"name":"wp","href":"https:\/\/api.w.org\/{rel}","templated":true}]}}