{"id":3229,"date":"2025-03-04T07:07:02","date_gmt":"2025-03-04T08:07:02","guid":{"rendered":"https:\/\/taamin.co\/product\/glikoz-berrak-ve-premium-premium\/"},"modified":"2025-06-08T21:30:51","modified_gmt":"2025-06-08T21:30:51","slug":"glikoz-berrak-ve-premium-premium","status":"publish","type":"product","link":"https:\/\/taamin.co\/tr\/product\/glikoz-berrak-ve-premium-premium\/","title":{"rendered":"Glikoz (berrak ve premium) premium"},"content":{"rendered":"<h3>Her 25 tonluk premium glikoz tankerinin %10 vergi hari\u00e7 fiyat\u0131<\/h3>\n","protected":false},"excerpt":{"rendered":"<p>Bu \u00fcr\u00fcn, piyasada bulunan en y\u00fcksek kaliteli glikoz t\u00fcrlerinden biridir ve y\u00fcksek \u015feffafl\u0131k, m\u00fckemmel safl\u0131k ve end\u00fcstriyel standartlarla \u00fcretilmi\u015ftir. Bu \u00fcr\u00fcn toplu olarak ve 25 tonluk tankerlerle tedarik edilir ve fabrikalar, g\u0131da end\u00fcstrileri ve \u015fekerlemeler i\u00e7in ideal bir se\u00e7enektir. S\u0131k\u0131 kalite kontrol\u00fcne sahip \u00fcr\u00fcn\u00fcm\u00fcz, \u00fclke \u00e7ap\u0131ndaki b\u00fcy\u00fck end\u00fcstriyel m\u00fc\u015fterilerin ihtiya\u00e7lar\u0131n\u0131 kar\u015f\u0131lamaya haz\u0131rd\u0131r.<\/p>\n","protected":false},"featured_media":3371,"comment_status":"open","ping_status":"closed","template":"","meta":[],"product_brand":[],"product_cat":[162,127],"product_tag":[128,129],"class_list":{"0":"post-3229","1":"product","2":"type-product","3":"status-publish","4":"has-post-thumbnail","6":"product_cat-offer","7":"product_cat-premium-glikoz","8":"product_tag-premium-glikoz","9":"product_tag-premium-glikoz-satin-al","11":"first","12":"instock","13":"shipping-taxable","14":"purchasable","15":"product-type-simple"},"_links":{"self":[{"href":"https:\/\/taamin.co\/tr\/wp-json\/wp\/v2\/product\/3229","targetHints":{"allow":["GET"]}}],"collection":[{"href":"https:\/\/taamin.co\/tr\/wp-json\/wp\/v2\/product"}],"about":[{"href":"https:\/\/taamin.co\/tr\/wp-json\/wp\/v2\/types\/product"}],"replies":[{"embeddable":true,"href":"https:\/\/taamin.co\/tr\/wp-json\/wp\/v2\/comments?post=3229"}],"wp:featuredmedia":[{"embeddable":true,"href":"https:\/\/taamin.co\/tr\/wp-json\/wp\/v2\/media\/3371"}],"wp:attachment":[{"href":"https:\/\/taamin.co\/tr\/wp-json\/wp\/v2\/media?parent=3229"}],"wp:term":[{"taxonomy":"product_brand","embeddable":true,"href":"https:\/\/taamin.co\/tr\/wp-json\/wp\/v2\/product_brand?post=3229"},{"taxonomy":"product_cat","embeddable":true,"href":"https:\/\/taamin.co\/tr\/wp-json\/wp\/v2\/product_cat?post=3229"},{"taxonomy":"product_tag","embeddable":true,"href":"https:\/\/taamin.co\/tr\/wp-json\/wp\/v2\/product_tag?post=3229"}],"curies":[{"name":"wp","href":"https:\/\/api.w.org\/{rel}","templated":true}]}}