{"id":2872,"date":"2023-09-01T18:08:38","date_gmt":"2023-09-01T18:08:38","guid":{"rendered":"https:\/\/taamin.co\/hakkimizda\/"},"modified":"2025-06-02T16:35:08","modified_gmt":"2025-06-02T16:35:08","slug":"hakkimizda","status":"publish","type":"page","link":"https:\/\/taamin.co\/tr\/hakkimizda\/","title":{"rendered":"Hakk\u0131m\u0131zda"},"content":{"rendered":"\t\t<div data-elementor-type=\"wp-page\" data-elementor-id=\"2872\" class=\"elementor elementor-2872\">\n\t\t\t\t\t\t<section class=\"wd-negative-gap elementor-section elementor-top-section elementor-element elementor-element-16b9917 elementor-section-boxed elementor-section-height-default elementor-section-height-default\" data-id=\"16b9917\" data-element_type=\"section\" data-settings=\"{&quot;background_background&quot;:&quot;classic&quot;}\">\n\t\t\t\t\t\t<div class=\"elementor-container elementor-column-gap-default\">\n\t\t\t\t\t<div class=\"elementor-column elementor-col-50 elementor-top-column elementor-element elementor-element-784e502a\" data-id=\"784e502a\" data-element_type=\"column\" data-settings=\"{&quot;background_background&quot;:&quot;classic&quot;}\">\n\t\t\t<div class=\"elementor-widget-wrap elementor-element-populated\">\n\t\t\t\t\t\t<div class=\"elementor-element elementor-element-61cc2b13 elementor-widget elementor-widget-heading\" data-id=\"61cc2b13\" data-element_type=\"widget\" data-widget_type=\"heading.default\">\n\t\t\t\t<div class=\"elementor-widget-container\">\n\t\t\t\t\t<h2 class=\"elementor-heading-title elementor-size-default\">Hakk\u0131m\u0131zda<\/h2>\t\t\t\t<\/div>\n\t\t\t\t<\/div>\n\t\t\t\t<div class=\"elementor-element elementor-element-7351951a color-scheme-inherit text-left elementor-widget elementor-widget-text-editor\" data-id=\"7351951a\" data-element_type=\"widget\" data-widget_type=\"text-editor.default\">\n\t\t\t\t<div class=\"elementor-widget-container\">\n\t\t\t\t\t\t\t\t\t<p>Zeinalvand Trading, \u0130ran g\u0131da ve ila\u00e7 end\u00fcstrisi i\u00e7in hammadde tedarik\u00e7isi ve da\u011f\u0131t\u0131c\u0131s\u0131 olarak 30 y\u0131l\u0131 a\u015fk\u0131n deneyime sahip olarak, deneyimli \u00fcretim s\u00fcreci uzmanlar\u0131ndan olu\u015fan bir ekiple, \u00fclke end\u00fcstrisinin ihtiya\u00e7 duydu\u011fu temel hammaddelerin ve g\u0131da katk\u0131 maddelerinin \u00f6nemli bir b\u00f6l\u00fcm\u00fcn\u00fc sunmaktan gurur duymaktad\u0131r. Bu hammadde grubunun yelpazesinin se\u00e7imi, m\u00fckemmel k\u00fcresel kalite, g\u0131da ve ilac\u0131n halk sa\u011fl\u0131\u011f\u0131 ve \u00fclkenin imalat end\u00fcstrilerinin temel ihtiya\u00e7lar\u0131 dikkate al\u0131narak yap\u0131lm\u0131\u015ft\u0131r. \u015eu anda, bu \u015firketin hammaddeleri g\u0131da, ila\u00e7, s\u00fct ve i\u00e7ecek end\u00fcstrilerinin \u00e7e\u015fitli sekt\u00f6rlerinde kullan\u0131labilir. Bu \u015firketin \u00fcr\u00fcnlerini tan\u0131tmak ve ayr\u0131ca birincil kaynaklardan kar\u015f\u0131lanabilecek ihtiya\u00e7larla tan\u0131\u015fmak i\u00e7in, teknik ve sat\u0131\u015f uzman\u0131 ekibinin en k\u0131sa s\u00fcrede istenen bilgileri sa\u011flamas\u0131 m\u00fcmk\u00fcnd\u00fcr.<\/p><p>Te\u015fekk\u00fcr ederim: M. Zeinalvand<\/p>\t\t\t\t\t\t\t\t<\/div>\n\t\t\t\t<\/div>\n\t\t\t\t<div class=\"elementor-element elementor-element-613debe9 elementor-widget elementor-widget-button\" data-id=\"613debe9\" data-element_type=\"widget\" data-widget_type=\"button.default\">\n\t\t\t\t<div class=\"elementor-widget-container\">\n\t\t\t\t\t\t\t\t\t<div class=\"elementor-button-wrapper\">\n\t\t\t\t\t<a class=\"elementor-button elementor-button-link elementor-size-sm\" href=\"https:\/\/taamin.co\/%d8%aa%d9%85%d8%a7%d8%b3-%d8%a8%d8%a7-%d9%85%d8%a7\/\">\n\t\t\t\t\t\t<span class=\"elementor-button-content-wrapper\">\n\t\t\t\t\t\t\t\t\t<span class=\"elementor-button-text\">Bize Ula\u015f\u0131n<\/span>\n\t\t\t\t\t<\/span>\n\t\t\t\t\t<\/a>\n\t\t\t\t<\/div>\n\t\t\t\t\t\t\t\t<\/div>\n\t\t\t\t<\/div>\n\t\t\t\t\t<\/div>\n\t\t<\/div>\n\t\t\t\t<div class=\"elementor-column elementor-col-50 elementor-top-column elementor-element elementor-element-40a2c960\" data-id=\"40a2c960\" data-element_type=\"column\" data-settings=\"{&quot;background_background&quot;:&quot;classic&quot;}\">\n\t\t\t<div class=\"elementor-widget-wrap elementor-element-populated\">\n\t\t\t\t\t\t<div class=\"elementor-element elementor-element-56ea24a5 elementor-widget elementor-widget-image\" data-id=\"56ea24a5\" data-element_type=\"widget\" data-widget_type=\"image.default\">\n\t\t\t\t<div class=\"elementor-widget-container\">\n\t\t\t\t\t\t\t\t\t\t\t\t\t\t\t<img fetchpriority=\"high\" decoding=\"async\" width=\"1024\" height=\"418\" src=\"https:\/\/taamin.co\/wp-content\/uploads\/2023\/09\/\u063a\u0630\u0627-\u0648-\u062f\u0627\u0631\u0648-1024x418.jpg\" class=\"attachment-large size-large wp-image-960\" alt=\"\" srcset=\"https:\/\/taamin.co\/wp-content\/uploads\/2023\/09\/\u063a\u0630\u0627-\u0648-\u062f\u0627\u0631\u0648-1024x418.jpg 1024w, https:\/\/taamin.co\/wp-content\/uploads\/2023\/09\/\u063a\u0630\u0627-\u0648-\u062f\u0627\u0631\u0648-300x123.jpg 300w, https:\/\/taamin.co\/wp-content\/uploads\/2023\/09\/\u063a\u0630\u0627-\u0648-\u062f\u0627\u0631\u0648-768x314.jpg 768w, https:\/\/taamin.co\/wp-content\/uploads\/2023\/09\/\u063a\u0630\u0627-\u0648-\u062f\u0627\u0631\u0648-1536x627.jpg 1536w, https:\/\/taamin.co\/wp-content\/uploads\/2023\/09\/\u063a\u0630\u0627-\u0648-\u062f\u0627\u0631\u0648-2048x836.jpg 2048w, https:\/\/taamin.co\/wp-content\/uploads\/2023\/09\/\u063a\u0630\u0627-\u0648-\u062f\u0627\u0631\u0648-100x41.jpg 100w, https:\/\/taamin.co\/wp-content\/uploads\/2023\/09\/\u063a\u0630\u0627-\u0648-\u062f\u0627\u0631\u0648-600x245.jpg 600w, https:\/\/taamin.co\/wp-content\/uploads\/2023\/09\/\u063a\u0630\u0627-\u0648-\u062f\u0627\u0631\u0648-150x61.jpg 150w\" sizes=\"(max-width: 1024px) 100vw, 1024px\" \/>\t\t\t\t\t\t\t\t\t\t\t\t\t\t\t<\/div>\n\t\t\t\t<\/div>\n\t\t\t\t\t<\/div>\n\t\t<\/div>\n\t\t\t\t\t<\/div>\n\t\t<\/section>\n\t\t\t\t<\/div>\n\t\t","protected":false},"excerpt":{"rendered":"<p>Hakk\u0131m\u0131zda Zeinalvand Trading, \u0130ran g\u0131da ve ila\u00e7 end\u00fcstrisi i\u00e7in hammadde tedarik\u00e7isi ve da\u011f\u0131t\u0131c\u0131s\u0131 olarak 30 y\u0131l\u0131 a\u015fk\u0131n deneyime sahip olarak,<\/p>\n","protected":false},"author":3,"featured_media":0,"parent":0,"menu_order":0,"comment_status":"closed","ping_status":"closed","template":"elementor_header_footer","meta":{"footnotes":""},"class_list":["post-2872","page","type-page","status-publish","hentry"],"_links":{"self":[{"href":"https:\/\/taamin.co\/tr\/wp-json\/wp\/v2\/pages\/2872","targetHints":{"allow":["GET"]}}],"collection":[{"href":"https:\/\/taamin.co\/tr\/wp-json\/wp\/v2\/pages"}],"about":[{"href":"https:\/\/taamin.co\/tr\/wp-json\/wp\/v2\/types\/page"}],"author":[{"embeddable":true,"href":"https:\/\/taamin.co\/tr\/wp-json\/wp\/v2\/users\/3"}],"replies":[{"embeddable":true,"href":"https:\/\/taamin.co\/tr\/wp-json\/wp\/v2\/comments?post=2872"}],"version-history":[{"count":3,"href":"https:\/\/taamin.co\/tr\/wp-json\/wp\/v2\/pages\/2872\/revisions"}],"predecessor-version":[{"id":2876,"href":"https:\/\/taamin.co\/tr\/wp-json\/wp\/v2\/pages\/2872\/revisions\/2876"}],"wp:attachment":[{"href":"https:\/\/taamin.co\/tr\/wp-json\/wp\/v2\/media?parent=2872"}],"curies":[{"name":"wp","href":"https:\/\/api.w.org\/{rel}","templated":true}]}}